{"id":12464,"date":"2020-07-06T15:35:57","date_gmt":"2020-07-06T15:35:57","guid":{"rendered":"https:\/\/demo1.mycartheme.com\/?page_id=12464"},"modified":"2021-02-10T16:15:03","modified_gmt":"2021-02-10T16:15:03","slug":"loan-calculator","status":"publish","type":"page","link":"https:\/\/lorelirental.com\/sq\/loan-calculator\/","title":{"rendered":"Llogarit\u00ebsi i huas\u00eb"},"content":{"rendered":"<div data-elementor-type=\"wp-page\" data-elementor-id=\"12464\" class=\"elementor elementor-12464\">\n\t\t\t\t\t\t<section class=\"elementor-section elementor-top-section elementor-element elementor-element-be4c023 elementor-section-boxed elementor-section-height-default elementor-section-height-default\" data-id=\"be4c023\" data-element_type=\"section\">\n\t\t\t\t\t\t<div class=\"elementor-container elementor-column-gap-default\">\n\t\t\t\t\t<div class=\"elementor-column elementor-col-100 elementor-top-column elementor-element elementor-element-ff5ae5e\" data-id=\"ff5ae5e\" data-element_type=\"column\">\n\t\t\t<div class=\"elementor-widget-wrap elementor-element-populated\">\n\t\t\t\t\t\t<div class=\"elementor-element elementor-element-b2fdcac elementor-widget elementor-widget-spacer\" data-id=\"b2fdcac\" data-element_type=\"widget\" data-widget_type=\"spacer.default\">\n\t\t\t\t<div class=\"elementor-widget-container\">\n\t\t\t<style>\/*! elementor - v3.21.0 - 26-05-2024 *\/\n.elementor-column .elementor-spacer-inner{height:var(--spacer-size)}.e-con{--container-widget-width:100%}.e-con-inner>.elementor-widget-spacer,.e-con>.elementor-widget-spacer{width:var(--container-widget-width,var(--spacer-size));--align-self:var(--container-widget-align-self,initial);--flex-shrink:0}.e-con-inner>.elementor-widget-spacer>.elementor-widget-container,.e-con>.elementor-widget-spacer>.elementor-widget-container{height:100%;width:100%}.e-con-inner>.elementor-widget-spacer>.elementor-widget-container>.elementor-spacer,.e-con>.elementor-widget-spacer>.elementor-widget-container>.elementor-spacer{height:100%}.e-con-inner>.elementor-widget-spacer>.elementor-widget-container>.elementor-spacer>.elementor-spacer-inner,.e-con>.elementor-widget-spacer>.elementor-widget-container>.elementor-spacer>.elementor-spacer-inner{height:var(--container-widget-height,var(--spacer-size))}.e-con-inner>.elementor-widget-spacer.elementor-widget-empty,.e-con>.elementor-widget-spacer.elementor-widget-empty{position:relative;min-height:22px;min-width:22px}.e-con-inner>.elementor-widget-spacer.elementor-widget-empty .elementor-widget-empty-icon,.e-con>.elementor-widget-spacer.elementor-widget-empty .elementor-widget-empty-icon{position:absolute;top:0;bottom:0;left:0;right:0;margin:auto;padding:0;width:22px;height:22px}<\/style>\t\t<div class=\"elementor-spacer\">\n\t\t\t<div class=\"elementor-spacer-inner\"><\/div>\n\t\t<\/div>\n\t\t\t\t<\/div>\n\t\t\t\t<\/div>\n\t\t\t\t<div class=\"elementor-element elementor-element-459e4e0 elementor-widget elementor-widget-vehica_loan_calculator_general_widget\" data-id=\"459e4e0\" data-element_type=\"widget\" data-widget_type=\"vehica_loan_calculator_general_widget.default\">\n\t\t\t\t<div class=\"elementor-widget-container\">\n\t\t\t<div class=\"vehica-app\">\r\n    <vehica-loan-calculator\r\n            widget-id=\"459e4e0\"\r\n            decimal-separator=\".\"\r\n            thousands-separator=\",\"\r\n            :price-decimal-places=\"0\"\r\n            price-decimal-separator=\"\"\r\n            price-thousands-separator=\",\"\r\n            :round-to-integer=\"false\"\r\n    >\r\n        <div slot-scope=\"props\" class=\"vehica-loan-calculator\">\r\n            <div class=\"vehica-loan-calculator__title\">\r\n                Llogarit\u00ebsi i huas\u00eb            <\/div>\r\n\r\n                            <div class=\"vehica-loan-calculator__subtitle\">\r\n                    P\u00ebrdorni kalkulatorin ton\u00eb t\u00eb kredis\u00eb p\u00ebr t\u00eb llogaritur pagesat gjat\u00eb jet\u00ebs s\u00eb kredis\u00eb suaj. Futni informacionin tuaj p\u00ebr t\u00eb par\u00eb se sa mund t\u00eb jen\u00eb pagesat tuaja mujore. Ju mund t\u00eb rregulloni koh\u00ebzgjatjen e huas\u00eb, paradh\u00ebnien dhe norm\u00ebn e interesit p\u00ebr t\u00eb par\u00eb se si k\u00ebto ndryshime rrisin ose ulin pagesat tuaja.                <\/div>\r\n            \r\n            <form @submit.prevent=\"props.onCalculate\" action=\"\">\r\n                <div class=\"vehica-loan-calculator__fields\">\r\n                    <div class=\"vehica-loan-calculator__fields__inner\">\r\n                        <div class=\"vehica-loan-calculator__field-wrapper\">\r\n                            <h4>\r\n                                \u00c7mimi                                <span class=\"vehica-text-primary\">*<\/span>\r\n                            <\/h4>\r\n\r\n                            <div class=\"vehica-loan-calculator__field\">\r\n                                <div class=\"vehica-loan-calculator__sign\">\r\n                                    <i class=\"fas fa-tag\"><\/i>\r\n                                <\/div>\r\n\r\n                                <input\r\n                                        id=\"vehica-459e4e0-loan-calculator__price\"\r\n                                        type=\"text\"\r\n                                                                    >\r\n                            <\/div>\r\n                        <\/div>\r\n\r\n                        <div class=\"vehica-loan-calculator__field-wrapper\">\r\n                            <h4>\r\n                                Norma e interesit                                <span class=\"vehica-text-primary\">*<\/span>\r\n                            <\/h4>\r\n\r\n                            <div class=\"vehica-loan-calculator__field\">\r\n                                <div class=\"vehica-loan-calculator__sign\">\r\n                                    %                                <\/div>\r\n\r\n                                <input\r\n                                        id=\"vehica-459e4e0-loan-calculator__rate\"\r\n                                        type=\"text\"\r\n                                        value=\"5\"\r\n                                >\r\n                            <\/div>\r\n                        <\/div>\r\n\r\n                        <div class=\"vehica-loan-calculator__field-wrapper\">\r\n                            <h4>Periudha (muaj)                                <span class=\"vehica-text-primary\">*<\/span>\r\n                            <\/h4>\r\n\r\n                            <div class=\"vehica-loan-calculator__field\">\r\n                                <div class=\"vehica-loan-calculator__sign\">\r\n                                    <i class=\"far fa-calendar-alt\"><\/i>\r\n                                <\/div>\r\n\r\n                                <input\r\n                                        id=\"vehica-459e4e0-loan-calculator__months\"\r\n                                        type=\"text\"\r\n                                        value=\"36\"\r\n                                >\r\n                            <\/div>\r\n                        <\/div>\r\n\r\n                        <div class=\"vehica-loan-calculator__field-wrapper\">\r\n                            <h4>Parapagim<\/h4>\r\n\r\n                            <div class=\"vehica-loan-calculator__field\">\r\n                                <div class=\"vehica-loan-calculator__sign\">\r\n                                    \u20ac                                <\/div>\r\n\r\n                                <input\r\n                                        id=\"vehica-459e4e0-loan-calculator__contribution\"\r\n                                        type=\"text\"\r\n                                                                    >\r\n                            <\/div>\r\n                        <\/div>\r\n                    <\/div>\r\n                <\/div>\r\n            <input type=\"hidden\" name=\"trp-form-language\" value=\"sq\"\/><\/form>\r\n\r\n            <div>\r\n                <div class=\"vehica-loan-calculator__separator\"><\/div>\r\n\r\n                <div class=\"vehica-loan-calculator__results--wrapper\">\r\n                    <div class=\"vehica-loan-calculator__results\">\r\n                        <div class=\"vehica-loan-calculator__results__col\">\r\n                            <h3>Pagese mujore<\/h3>\r\n                            <h4 v-if=\"!props.showResults\">-<\/h4>\r\n                            <template>\r\n                                <h4 v-if=\"props.showResults\">{{ props.installment }}<\/h4>\r\n                            <\/template>\r\n                        <\/div>\r\n\r\n                        <div class=\"vehica-loan-calculator__results__col\">\r\n                            <h3>Interesi total<\/h3>\r\n                            <h4 v-if=\"!props.showResults\">-<\/h4>\r\n                            <template>\r\n                                <h4 v-if=\"props.showResults\">{{ props.interes }}<\/h4>\r\n                            <\/template>\r\n                        <\/div>\r\n\r\n                        <div class=\"vehica-loan-calculator__results__col\">\r\n                            <h3>Totali i pagesave<\/h3>\r\n                            <h4 v-if=\"!props.showResults\">-<\/h4>\r\n                            <template>\r\n                                <h4 v-if=\"props.showResults\">\r\n                                    {{ props.total }}\r\n                                <\/h4>\r\n                            <\/template>\r\n                        <\/div>\r\n                    <\/div>\r\n                <\/div>\r\n                                    <div class=\"vehica-loan-calculator__end-text\">\r\n                        Titulli dhe tarifat dhe stimujt e tjer\u00eb nuk p\u00ebrfshihen n\u00eb k\u00ebt\u00eb p\u00ebrllogaritje, e cila \u00ebsht\u00eb vet\u00ebm nj\u00eb vler\u00ebsim. Vler\u00ebsimet e pagesave mujore jan\u00eb p\u00ebr q\u00ebllime informative dhe nuk p\u00ebrfaq\u00ebsojn\u00eb nj\u00eb ofert\u00eb financimi nga shit\u00ebsi i k\u00ebtij automjeti. Mund t\u00eb zbatohen taksa t\u00eb tjera.                    <\/div>\r\n                            <\/div>\r\n        <\/div>\r\n    <\/vehica-loan-calculator>\r\n<\/div>\t\t<\/div>\n\t\t\t\t<\/div>\n\t\t\t\t<div class=\"elementor-element elementor-element-1607bc3 elementor-widget elementor-widget-spacer\" data-id=\"1607bc3\" data-element_type=\"widget\" data-widget_type=\"spacer.default\">\n\t\t\t\t<div class=\"elementor-widget-container\">\n\t\t\t\t\t<div class=\"elementor-spacer\">\n\t\t\t<div class=\"elementor-spacer-inner\"><\/div>\n\t\t<\/div>\n\t\t\t\t<\/div>\n\t\t\t\t<\/div>\n\t\t\t\t\t<\/div>\n\t\t<\/div>\n\t\t\t\t\t<\/div>\n\t\t<\/section>\n\t\t\t\t<\/div>","protected":false},"excerpt":{"rendered":"<p>Llogarit\u00ebsi i kredis\u00eb P\u00ebrdorni kalkulatorin ton\u00eb t\u00eb kredis\u00eb p\u00ebr t\u00eb llogaritur pagesat gjat\u00eb jet\u00ebs s\u00eb kredis\u00eb suaj. Futni informacionin tuaj p\u00ebr t\u00eb par\u00eb se sa mund t\u00eb jen\u00eb pagesat tuaja mujore. Ju mund t\u00eb rregulloni koh\u00ebzgjatjen e huas\u00eb, paradh\u00ebnien dhe norm\u00ebn e interesit p\u00ebr t\u00eb par\u00eb se si k\u00ebto ndryshime rrisin ose ulin pagesat tuaja. \u00c7mimi * Norma e interesit * Periudha % [\u2026]<\/p>","protected":false},"author":1,"featured_media":0,"parent":0,"menu_order":0,"comment_status":"closed","ping_status":"closed","template":"","meta":{"footnotes":""},"class_list":["post-12464","page","type-page","status-publish","hentry"],"_links":{"self":[{"href":"https:\/\/lorelirental.com\/sq\/wp-json\/wp\/v2\/pages\/12464","targetHints":{"allow":["GET"]}}],"collection":[{"href":"https:\/\/lorelirental.com\/sq\/wp-json\/wp\/v2\/pages"}],"about":[{"href":"https:\/\/lorelirental.com\/sq\/wp-json\/wp\/v2\/types\/page"}],"author":[{"embeddable":true,"href":"https:\/\/lorelirental.com\/sq\/wp-json\/wp\/v2\/users\/1"}],"replies":[{"embeddable":true,"href":"https:\/\/lorelirental.com\/sq\/wp-json\/wp\/v2\/comments?post=12464"}],"version-history":[{"count":0,"href":"https:\/\/lorelirental.com\/sq\/wp-json\/wp\/v2\/pages\/12464\/revisions"}],"wp:attachment":[{"href":"https:\/\/lorelirental.com\/sq\/wp-json\/wp\/v2\/media?parent=12464"}],"curies":[{"name":"wp","href":"https:\/\/api.w.org\/{rel}","templated":true}]}}